










{"id":917,"date":"2021-09-11T01:03:07","date_gmt":"2021-09-11T01:03:07","guid":{"rendered":"http:\/\/sushisur.com.ar\/test\/?post_type=product&#038;p=917"},"modified":"2021-11-16T13:54:46","modified_gmt":"2021-11-16T13:54:46","slug":"sushisur-roll","status":"publish","type":"product","link":"https:\/\/sushisur.com.ar\/test\/producto\/sushisur-roll\/","title":{"rendered":"SushiSur Roll"},"content":{"rendered":"<p><span data-sheets-value=\"{&quot;1&quot;:2,&quot;2&quot;:&quot;Relleno de salm\u00f3n, philadelphia, palta y negui, envuelto en salm\u00f3n rebozado y frito con salsa de anan\u00e1&quot;}\" data-sheets-userformat=\"{&quot;2&quot;:835,&quot;3&quot;:{&quot;1&quot;:0},&quot;4&quot;:[null,2,16770457],&quot;9&quot;:0,&quot;11&quot;:4,&quot;12&quot;:0}\">Relleno de salm\u00f3n, philadelphia, palta y negui, envuelto en salm\u00f3n rebozado y frito con salsa de anan\u00e1.<\/span><\/p>\n<p><span data-sheets-value=\"{&quot;1&quot;:2,&quot;2&quot;:&quot;8 Piezas&quot;}\" data-sheets-userformat=\"{&quot;2&quot;:579,&quot;3&quot;:{&quot;1&quot;:0},&quot;4&quot;:[null,2,16770457],&quot;9&quot;:1,&quot;12&quot;:0}\">8 Piezas<\/span><\/p>\n","protected":false},"excerpt":{"rendered":"<p>Relleno de salm\u00f3n, philadelphia, palta y negui, envuelto en salm\u00f3n rebozado y frito con salsa de anan\u00e1. 8 Piezas<\/p>\n","protected":false},"featured_media":918,"template":"","meta":{"om_disable_all_campaigns":false,"_monsterinsights_skip_tracking":false,"_monsterinsights_sitenote_active":false,"_monsterinsights_sitenote_note":"","_monsterinsights_sitenote_category":0},"product_cat":[45,36],"product_tag":[76,70],"_links":{"self":[{"href":"https:\/\/sushisur.com.ar\/test\/wp-json\/wp\/v2\/product\/917"}],"collection":[{"href":"https:\/\/sushisur.com.ar\/test\/wp-json\/wp\/v2\/product"}],"about":[{"href":"https:\/\/sushisur.com.ar\/test\/wp-json\/wp\/v2\/types\/product"}],"version-history":[{"count":2,"href":"https:\/\/sushisur.com.ar\/test\/wp-json\/wp\/v2\/product\/917\/revisions"}],"predecessor-version":[{"id":1074,"href":"https:\/\/sushisur.com.ar\/test\/wp-json\/wp\/v2\/product\/917\/revisions\/1074"}],"wp:featuredmedia":[{"embeddable":true,"href":"https:\/\/sushisur.com.ar\/test\/wp-json\/wp\/v2\/media\/918"}],"wp:attachment":[{"href":"https:\/\/sushisur.com.ar\/test\/wp-json\/wp\/v2\/media?parent=917"}],"wp:term":[{"taxonomy":"product_cat","embeddable":true,"href":"https:\/\/sushisur.com.ar\/test\/wp-json\/wp\/v2\/product_cat?post=917"},{"taxonomy":"product_tag","embeddable":true,"href":"https:\/\/sushisur.com.ar\/test\/wp-json\/wp\/v2\/product_tag?post=917"}],"curies":[{"name":"wp","href":"https:\/\/api.w.org\/{rel}","templated":true}]}}