










{"id":694,"date":"2021-08-04T22:44:01","date_gmt":"2021-08-04T22:44:01","guid":{"rendered":"http:\/\/sushisur.com.ar\/?post_type=product&#038;p=694"},"modified":"2021-11-16T13:48:52","modified_gmt":"2021-11-16T13:48:52","slug":"placer-real","status":"publish","type":"product","link":"https:\/\/sushisur.com.ar\/test\/producto\/placer-real\/","title":{"rendered":"Placer Real"},"content":{"rendered":"<p>(sin arroz) relleno de pakla, palmito y queso philadelphia envuelto en l\u00e1minas de tamago y salm\u00f3n con salsa de maracuy\u00e1.<\/p>\n<p>9 Piezas<\/p>\n","protected":false},"excerpt":{"rendered":"<p>(sin arroz) relleno de pakla, palmito y queso philadelphia envuelto en l\u00e1minas de tamago y salm\u00f3n con salsa de maracuy\u00e1.<\/p>\n<p>9 Piezas<\/p>\n","protected":false},"featured_media":695,"template":"","meta":{"om_disable_all_campaigns":false,"_monsterinsights_skip_tracking":false,"_monsterinsights_sitenote_active":false,"_monsterinsights_sitenote_note":"","_monsterinsights_sitenote_category":0},"product_cat":[43],"product_tag":[85,70],"_links":{"self":[{"href":"https:\/\/sushisur.com.ar\/test\/wp-json\/wp\/v2\/product\/694"}],"collection":[{"href":"https:\/\/sushisur.com.ar\/test\/wp-json\/wp\/v2\/product"}],"about":[{"href":"https:\/\/sushisur.com.ar\/test\/wp-json\/wp\/v2\/types\/product"}],"version-history":[{"count":2,"href":"https:\/\/sushisur.com.ar\/test\/wp-json\/wp\/v2\/product\/694\/revisions"}],"predecessor-version":[{"id":1093,"href":"https:\/\/sushisur.com.ar\/test\/wp-json\/wp\/v2\/product\/694\/revisions\/1093"}],"wp:featuredmedia":[{"embeddable":true,"href":"https:\/\/sushisur.com.ar\/test\/wp-json\/wp\/v2\/media\/695"}],"wp:attachment":[{"href":"https:\/\/sushisur.com.ar\/test\/wp-json\/wp\/v2\/media?parent=694"}],"wp:term":[{"taxonomy":"product_cat","embeddable":true,"href":"https:\/\/sushisur.com.ar\/test\/wp-json\/wp\/v2\/product_cat?post=694"},{"taxonomy":"product_tag","embeddable":true,"href":"https:\/\/sushisur.com.ar\/test\/wp-json\/wp\/v2\/product_tag?post=694"}],"curies":[{"name":"wp","href":"https:\/\/api.w.org\/{rel}","templated":true}]}}