










{"id":1553,"date":"2021-11-15T15:08:16","date_gmt":"2021-11-15T15:08:16","guid":{"rendered":"http:\/\/sushisur.com.ar\/test\/?post_type=product&#038;p=1553"},"modified":"2021-11-15T15:08:17","modified_gmt":"2021-11-15T15:08:17","slug":"opcion-vegana-15-piezas","status":"publish","type":"product","link":"https:\/\/sushisur.com.ar\/test\/producto\/opcion-vegana-15-piezas\/","title":{"rendered":"Opci\u00f3n Vegana &#8211; 15 Piezas"},"content":{"rendered":"<p>Variado de 15 piezas veggies con verduras org\u00e1nicas de estaci\u00f3n (imperdible)<\/p>\n","protected":false},"excerpt":{"rendered":"<p>Variado de 15 piezas veggies con verduras org\u00e1nicas de estaci\u00f3n (imperdible)<\/p>\n","protected":false},"featured_media":1549,"template":"","meta":{"om_disable_all_campaigns":false,"_monsterinsights_skip_tracking":false,"_monsterinsights_sitenote_active":false,"_monsterinsights_sitenote_note":"","_monsterinsights_sitenote_category":0},"product_cat":[51],"product_tag":[123,126,127],"_links":{"self":[{"href":"https:\/\/sushisur.com.ar\/test\/wp-json\/wp\/v2\/product\/1553"}],"collection":[{"href":"https:\/\/sushisur.com.ar\/test\/wp-json\/wp\/v2\/product"}],"about":[{"href":"https:\/\/sushisur.com.ar\/test\/wp-json\/wp\/v2\/types\/product"}],"version-history":[{"count":1,"href":"https:\/\/sushisur.com.ar\/test\/wp-json\/wp\/v2\/product\/1553\/revisions"}],"predecessor-version":[{"id":1554,"href":"https:\/\/sushisur.com.ar\/test\/wp-json\/wp\/v2\/product\/1553\/revisions\/1554"}],"wp:featuredmedia":[{"embeddable":true,"href":"https:\/\/sushisur.com.ar\/test\/wp-json\/wp\/v2\/media\/1549"}],"wp:attachment":[{"href":"https:\/\/sushisur.com.ar\/test\/wp-json\/wp\/v2\/media?parent=1553"}],"wp:term":[{"taxonomy":"product_cat","embeddable":true,"href":"https:\/\/sushisur.com.ar\/test\/wp-json\/wp\/v2\/product_cat?post=1553"},{"taxonomy":"product_tag","embeddable":true,"href":"https:\/\/sushisur.com.ar\/test\/wp-json\/wp\/v2\/product_tag?post=1553"}],"curies":[{"name":"wp","href":"https:\/\/api.w.org\/{rel}","templated":true}]}}