










{"id":1544,"date":"2021-11-11T14:36:50","date_gmt":"2021-11-11T14:36:50","guid":{"rendered":"http:\/\/sushisur.com.ar\/test\/?post_type=product&#038;p=1544"},"modified":"2021-11-11T14:36:50","modified_gmt":"2021-11-11T14:36:50","slug":"combinado-omakase-60-piezas","status":"publish","type":"product","link":"https:\/\/sushisur.com.ar\/test\/producto\/combinado-omakase-60-piezas\/","title":{"rendered":"Combinado Omakase &#8211; 60 Piezas"},"content":{"rendered":"<p>Combinado a elecci\u00f3n del cheff con toda la pesca fresca del d\u00eda. Acompa\u00f1ado de salsas y toppings.<\/p>\n","protected":false},"excerpt":{"rendered":"<p>Combinado a elecci\u00f3n del cheff con toda la pesca fresca del d\u00eda. Acompa\u00f1ado de salsas y toppings.<\/p>\n","protected":false},"featured_media":1545,"template":"","meta":{"om_disable_all_campaigns":false,"_monsterinsights_skip_tracking":false,"_monsterinsights_sitenote_active":false,"_monsterinsights_sitenote_note":"","_monsterinsights_sitenote_category":0},"product_cat":[51],"product_tag":[124],"_links":{"self":[{"href":"https:\/\/sushisur.com.ar\/test\/wp-json\/wp\/v2\/product\/1544"}],"collection":[{"href":"https:\/\/sushisur.com.ar\/test\/wp-json\/wp\/v2\/product"}],"about":[{"href":"https:\/\/sushisur.com.ar\/test\/wp-json\/wp\/v2\/types\/product"}],"version-history":[{"count":1,"href":"https:\/\/sushisur.com.ar\/test\/wp-json\/wp\/v2\/product\/1544\/revisions"}],"predecessor-version":[{"id":1547,"href":"https:\/\/sushisur.com.ar\/test\/wp-json\/wp\/v2\/product\/1544\/revisions\/1547"}],"wp:featuredmedia":[{"embeddable":true,"href":"https:\/\/sushisur.com.ar\/test\/wp-json\/wp\/v2\/media\/1545"}],"wp:attachment":[{"href":"https:\/\/sushisur.com.ar\/test\/wp-json\/wp\/v2\/media?parent=1544"}],"wp:term":[{"taxonomy":"product_cat","embeddable":true,"href":"https:\/\/sushisur.com.ar\/test\/wp-json\/wp\/v2\/product_cat?post=1544"},{"taxonomy":"product_tag","embeddable":true,"href":"https:\/\/sushisur.com.ar\/test\/wp-json\/wp\/v2\/product_tag?post=1544"}],"curies":[{"name":"wp","href":"https:\/\/api.w.org\/{rel}","templated":true}]}}