










{"id":1163,"date":"2021-09-12T22:48:23","date_gmt":"2021-09-12T22:48:23","guid":{"rendered":"http:\/\/sushisur.com.ar\/test\/?post_type=product&#038;p=1163"},"modified":"2021-11-16T13:48:16","modified_gmt":"2021-11-16T13:48:16","slug":"tiago-roll","status":"publish","type":"product","link":"https:\/\/sushisur.com.ar\/test\/producto\/tiago-roll\/","title":{"rendered":"Tiago Roll"},"content":{"rendered":"<p>Salm\u00f3n, queso y negui con f\u00e9tas de salm\u00f3n y tamago por fuera.<\/p>\n<p>9 Piezas<\/p>\n","protected":false},"excerpt":{"rendered":"<p>Salm\u00f3n, queso y negui con f\u00e9tas de salm\u00f3n y tamago por fuera.<\/p>\n<p>9 Piezas<\/p>\n","protected":false},"featured_media":1164,"template":"","meta":{"om_disable_all_campaigns":false,"_monsterinsights_skip_tracking":false,"_monsterinsights_sitenote_active":false,"_monsterinsights_sitenote_note":"","_monsterinsights_sitenote_category":0},"product_cat":[43,36],"product_tag":[88,70],"_links":{"self":[{"href":"https:\/\/sushisur.com.ar\/test\/wp-json\/wp\/v2\/product\/1163"}],"collection":[{"href":"https:\/\/sushisur.com.ar\/test\/wp-json\/wp\/v2\/product"}],"about":[{"href":"https:\/\/sushisur.com.ar\/test\/wp-json\/wp\/v2\/types\/product"}],"version-history":[{"count":1,"href":"https:\/\/sushisur.com.ar\/test\/wp-json\/wp\/v2\/product\/1163\/revisions"}],"predecessor-version":[{"id":1166,"href":"https:\/\/sushisur.com.ar\/test\/wp-json\/wp\/v2\/product\/1163\/revisions\/1166"}],"wp:featuredmedia":[{"embeddable":true,"href":"https:\/\/sushisur.com.ar\/test\/wp-json\/wp\/v2\/media\/1164"}],"wp:attachment":[{"href":"https:\/\/sushisur.com.ar\/test\/wp-json\/wp\/v2\/media?parent=1163"}],"wp:term":[{"taxonomy":"product_cat","embeddable":true,"href":"https:\/\/sushisur.com.ar\/test\/wp-json\/wp\/v2\/product_cat?post=1163"},{"taxonomy":"product_tag","embeddable":true,"href":"https:\/\/sushisur.com.ar\/test\/wp-json\/wp\/v2\/product_tag?post=1163"}],"curies":[{"name":"wp","href":"https:\/\/api.w.org\/{rel}","templated":true}]}}