










{"id":807,"date":"2021-08-31T01:23:13","date_gmt":"2021-08-31T01:23:13","guid":{"rendered":"http:\/\/sushisur.com.ar\/test\/?page_id=807"},"modified":"2021-11-23T14:07:51","modified_gmt":"2021-11-23T14:07:51","slug":"preguntas-frecuentes","status":"publish","type":"page","link":"https:\/\/sushisur.com.ar\/test\/preguntas-frecuentes\/","title":{"rendered":"Preguntas frecuentes"},"content":{"rendered":"\t\t<div data-elementor-type=\"wp-page\" data-elementor-id=\"807\" class=\"elementor elementor-807\" data-elementor-settings=\"[]\">\n\t\t\t\t\t\t\t<div class=\"elementor-section-wrap\">\n\t\t\t\t\t\t\t<section class=\"elementor-section elementor-top-section elementor-element elementor-element-da105aa elementor-section-boxed elementor-section-height-default elementor-section-height-default\" data-id=\"da105aa\" data-element_type=\"section\">\n\t\t\t\t\t\t<div class=\"elementor-container elementor-column-gap-default\">\n\t\t\t\t\t<div class=\"elementor-column elementor-col-100 elementor-top-column elementor-element elementor-element-2c67591\" data-id=\"2c67591\" data-element_type=\"column\">\n\t\t\t<div class=\"elementor-widget-wrap elementor-element-populated\">\n\t\t\t\t\t\t\t\t<div class=\"elementor-element elementor-element-91d4f4c nuestromenu elementor-widget elementor-widget-heading\" data-id=\"91d4f4c\" data-element_type=\"widget\" data-widget_type=\"heading.default\">\n\t\t\t\t<div class=\"elementor-widget-container\">\n\t\t\t<h2 class=\"elementor-heading-title elementor-size-default\">PREGUNTAS FRECUENTES<\/h2>\t\t<\/div>\n\t\t\t\t<\/div>\n\t\t\t\t\t<\/div>\n\t\t<\/div>\n\t\t\t\t\t\t\t<\/div>\n\t\t<\/section>\n\t\t\t\t<section class=\"elementor-section elementor-top-section elementor-element elementor-element-f0cb0c5 elementor-section-boxed elementor-section-height-default elementor-section-height-default\" data-id=\"f0cb0c5\" data-element_type=\"section\">\n\t\t\t\t\t\t<div class=\"elementor-container elementor-column-gap-default\">\n\t\t\t\t\t<div class=\"elementor-column elementor-col-100 elementor-top-column elementor-element elementor-element-3d0348c\" data-id=\"3d0348c\" data-element_type=\"column\">\n\t\t\t<div class=\"elementor-widget-wrap elementor-element-populated\">\n\t\t\t\t\t\t\t\t<div class=\"elementor-element elementor-element-52f8d53 acordeonfa elementor-widget elementor-widget-eael-adv-accordion\" data-id=\"52f8d53\" data-element_type=\"widget\" data-widget_type=\"eael-adv-accordion.default\">\n\t\t\t\t<div class=\"elementor-widget-container\">\n\t\t\t        <div class=\"eael-adv-accordion\" id=\"eael-adv-accordion-52f8d53\" data-accordion-id=\"52f8d53\" data-accordion-type=\"accordion\" data-toogle-speed=\"300\">\n    <div class=\"eael-accordion-list\">\n                <div id=\"elementor-tab-title-8701\" class=\"elementor-tab-title eael-accordion-header\" tabindex=\"8701\" data-tab=\"1\" role=\"tab\" aria-controls=\"elementor-tab-content-8701\"><i aria-hidden=\"true\" class=\"fa-accordion-icon fas fa-plus\"><\/i><span class=\"eael-accordion-tab-title\">\u00bfQu\u00e9 tiene el combinado sushisur?<\/span><i aria-hidden=\"true\" class=\"fa-toggle fas fa-angle-right\"><\/i><\/div><div id=\"elementor-tab-content-8701\" class=\"eael-accordion-content clearfix\" data-tab=\"1\" role=\"tabpanel\" aria-labelledby=\"elementor-tab-title-8701\"><p><p>Es un combinado en el que la elecci\u00f3n de las piezas son elegidas por el cheff. Las piezas que disponibles en esta propuesta son: Sashimi de salm\u00f3n, niguiri de salm\u00f3n y roll tamago veggie, roll buenos aires, roll maki salm\u00f3n, roll new york, roll maki phila, roll spf, roll california, roll salm\u00f3n phila, roll feel y roll green<\/p><\/p><\/div>\n                <\/div><div class=\"eael-accordion-list\">\n                <div id=\"elementor-tab-title-8702\" class=\"elementor-tab-title eael-accordion-header\" tabindex=\"8702\" data-tab=\"2\" role=\"tab\" aria-controls=\"elementor-tab-content-8702\"><i aria-hidden=\"true\" class=\"fa-accordion-icon fas fa-plus\"><\/i><span class=\"eael-accordion-tab-title\">\u00bfQu\u00e9 entra en el Armalo como quieras?<\/span><i aria-hidden=\"true\" class=\"fa-toggle fas fa-angle-right\"><\/i><\/div><div id=\"elementor-tab-content-8702\" class=\"eael-accordion-content clearfix\" data-tab=\"2\" role=\"tabpanel\" aria-labelledby=\"elementor-tab-title-8702\"><p>Lorem fistrum me cago en tus muelas se calle ust\u00e9e de la pradera me cago en tus muelas apetecan al ataquerl al ataquerl. Est\u00e1 la cosa muy malar a wan fistro apetecan sexuarl. No puedor apetecan por la gloria de mi madre te voy a borrar el cerito no te digo trigo por no llamarte Rodrigor va ust\u00e9 muy cargadoo a wan ahorarr.<\/p><\/div>\n                <\/div><div class=\"eael-accordion-list\">\n                <div id=\"elementor-tab-title-8703\" class=\"elementor-tab-title eael-accordion-header\" tabindex=\"8703\" data-tab=\"3\" role=\"tab\" aria-controls=\"elementor-tab-content-8703\"><i aria-hidden=\"true\" class=\"fa-accordion-icon fas fa-plus\"><\/i><span class=\"eael-accordion-tab-title\">\u00bfCu\u00e1ntas piezas se calculan por persona?<\/span><i aria-hidden=\"true\" class=\"fa-toggle fas fa-angle-right\"><\/i><\/div><div id=\"elementor-tab-content-8703\" class=\"eael-accordion-content clearfix\" data-tab=\"3\" role=\"tabpanel\" aria-labelledby=\"elementor-tab-title-8703\"><p><p>Una porci\u00f3n individual es de 15 piezas.<\/p><\/p><\/div>\n                <\/div><div class=\"eael-accordion-list\">\n                <div id=\"elementor-tab-title-8704\" class=\"elementor-tab-title eael-accordion-header\" tabindex=\"8704\" data-tab=\"4\" role=\"tab\" aria-controls=\"elementor-tab-content-8704\"><i aria-hidden=\"true\" class=\"fa-accordion-icon fas fa-plus\"><\/i><span class=\"eael-accordion-tab-title\">\u00bfHay opciones aptas para cel\u00edacos?<\/span><i aria-hidden=\"true\" class=\"fa-toggle fas fa-angle-right\"><\/i><\/div><div id=\"elementor-tab-content-8704\" class=\"eael-accordion-content clearfix\" data-tab=\"4\" role=\"tabpanel\" aria-labelledby=\"elementor-tab-title-8704\"><p>Lorem fistrum me cago en tus muelas se calle ust\u00e9e de la pradera me cago en tus muelas apetecan al ataquerl al ataquerl. Est\u00e1 la cosa muy malar a wan fistro apetecan sexuarl. No puedor apetecan por la gloria de mi madre te voy a borrar el cerito no te digo trigo por no llamarte Rodrigor va ust\u00e9 muy cargadoo a wan ahorarr.<\/p><\/div>\n                <\/div><div class=\"eael-accordion-list\">\n                <div id=\"elementor-tab-title-8705\" class=\"elementor-tab-title eael-accordion-header\" tabindex=\"8705\" data-tab=\"5\" role=\"tab\" aria-controls=\"elementor-tab-content-8705\"><i aria-hidden=\"true\" class=\"fa-accordion-icon fas fa-plus\"><\/i><span class=\"eael-accordion-tab-title\">\u00bfQu\u00e9 tiene el cooked and hot?<\/span><i aria-hidden=\"true\" class=\"fa-toggle fas fa-angle-right\"><\/i><\/div><div id=\"elementor-tab-content-8705\" class=\"eael-accordion-content clearfix\" data-tab=\"5\" role=\"tabpanel\" aria-labelledby=\"elementor-tab-title-8705\"><p><p>Es una combinaci\u00f3n con determinadas variedades cocidas y calientes. Las piezas que disponibles en esta propuesta son: Salm\u00f3n Honey, roll futurama, roll deli, roll spicy, roll ebi tempura y roll ebi fry<\/p><\/p><\/div>\n                <\/div><div class=\"eael-accordion-list\">\n                <div id=\"elementor-tab-title-8706\" class=\"elementor-tab-title eael-accordion-header\" tabindex=\"8706\" data-tab=\"6\" role=\"tab\" aria-controls=\"elementor-tab-content-8706\"><i aria-hidden=\"true\" class=\"fa-accordion-icon fas fa-plus\"><\/i><span class=\"eael-accordion-tab-title\">\u00bfQu\u00e9 es el combinado S\/A?<\/span><i aria-hidden=\"true\" class=\"fa-toggle fas fa-angle-right\"><\/i><\/div><div id=\"elementor-tab-content-8706\" class=\"eael-accordion-content clearfix\" data-tab=\"6\" role=\"tabpanel\" aria-labelledby=\"elementor-tab-title-8706\"><p><p>Es una combinaci\u00f3n con determinadas variedades sin arroz. Las piezas que disponibles en esta propuesta son: Roll soul, roll placer real, roll feel, roll tamago, geisha, sashimi<\/p><\/p><\/div>\n                <\/div><\/div>\t\t<\/div>\n\t\t\t\t<\/div>\n\t\t\t\t\t<\/div>\n\t\t<\/div>\n\t\t\t\t\t\t\t<\/div>\n\t\t<\/section>\n\t\t\t\t<section class=\"elementor-section elementor-top-section elementor-element elementor-element-da3008d elementor-section-boxed elementor-section-height-default elementor-section-height-default\" data-id=\"da3008d\" data-element_type=\"section\">\n\t\t\t\t\t\t<div class=\"elementor-container elementor-column-gap-default\">\n\t\t\t\t\t<div class=\"elementor-column elementor-col-100 elementor-top-column elementor-element elementor-element-9b6ff8f\" data-id=\"9b6ff8f\" data-element_type=\"column\">\n\t\t\t<div class=\"elementor-widget-wrap elementor-element-populated\">\n\t\t\t\t\t\t\t\t<div class=\"elementor-element elementor-element-0924709 elementor-align-center elementor-widget elementor-widget-button\" data-id=\"0924709\" data-element_type=\"widget\" data-widget_type=\"button.default\">\n\t\t\t\t<div class=\"elementor-widget-container\">\n\t\t\t\t\t<div class=\"elementor-button-wrapper\">\n\t\t\t<a href=\"https:\/\/sushisur.com.ar\/test\/\" class=\"elementor-button-link elementor-button elementor-size-sm\" role=\"button\">\n\t\t\t\t\t\t<span class=\"elementor-button-content-wrapper\">\n\t\t\t\t\t\t<span class=\"elementor-button-text\">Volver a Sushisur<\/span>\n\t\t<\/span>\n\t\t\t\t\t<\/a>\n\t\t<\/div>\n\t\t\t\t<\/div>\n\t\t\t\t<\/div>\n\t\t\t\t\t<\/div>\n\t\t<\/div>\n\t\t\t\t\t\t\t<\/div>\n\t\t<\/section>\n\t\t\t\t\t\t<\/div>\n\t\t\t\t\t<\/div>\n\t\t","protected":false},"excerpt":{"rendered":"<p>PREGUNTAS FRECUENTES \u00bfQu\u00e9 tiene el combinado sushisur? Es un combinado en el que la elecci\u00f3n de las piezas son elegidas por el cheff. Las piezas que disponibles en esta propuesta son: Sashimi de salm\u00f3n, niguiri de salm\u00f3n y roll tamago veggie, roll buenos aires, roll maki salm\u00f3n, roll new york, roll maki phila, roll spf, [&hellip;]<\/p>\n","protected":false},"author":1,"featured_media":0,"parent":0,"menu_order":0,"comment_status":"closed","ping_status":"closed","template":"","meta":{"om_disable_all_campaigns":false,"_monsterinsights_skip_tracking":false,"_monsterinsights_sitenote_active":false,"_monsterinsights_sitenote_note":"","_monsterinsights_sitenote_category":0},"uagb_featured_image_src":{"full":false,"thumbnail":false,"medium":false,"medium_large":false,"large":false,"wpl-wcs-cat-img":false,"wpl-wcs-cat-img-two":false,"1536x1536":false,"2048x2048":false,"yith-woocompare-image":false,"sm-blog-img":false,"woocommerce_thumbnail":false,"woocommerce_single":false,"woocommerce_gallery_thumbnail":false,"shop_catalog":false,"shop_single":false,"shop_thumbnail":false,"dgwt-wcas-product-suggestion":false},"uagb_author_info":{"display_name":"arianagcarlomagno","author_link":"https:\/\/sushisur.com.ar\/test\/author\/arianagcarlomagno\/"},"uagb_comment_info":0,"uagb_excerpt":"PREGUNTAS FRECUENTES \u00bfQu\u00e9 tiene el combinado sushisur? Es un combinado en el que la elecci\u00f3n de las piezas son elegidas por el cheff. Las piezas que disponibles en esta propuesta son: Sashimi de salm\u00f3n, niguiri de salm\u00f3n y roll tamago veggie, roll buenos aires, roll maki salm\u00f3n, roll new york, roll maki phila, roll spf,&hellip;","_links":{"self":[{"href":"https:\/\/sushisur.com.ar\/test\/wp-json\/wp\/v2\/pages\/807"}],"collection":[{"href":"https:\/\/sushisur.com.ar\/test\/wp-json\/wp\/v2\/pages"}],"about":[{"href":"https:\/\/sushisur.com.ar\/test\/wp-json\/wp\/v2\/types\/page"}],"author":[{"embeddable":true,"href":"https:\/\/sushisur.com.ar\/test\/wp-json\/wp\/v2\/users\/1"}],"replies":[{"embeddable":true,"href":"https:\/\/sushisur.com.ar\/test\/wp-json\/wp\/v2\/comments?post=807"}],"version-history":[{"count":29,"href":"https:\/\/sushisur.com.ar\/test\/wp-json\/wp\/v2\/pages\/807\/revisions"}],"predecessor-version":[{"id":1622,"href":"https:\/\/sushisur.com.ar\/test\/wp-json\/wp\/v2\/pages\/807\/revisions\/1622"}],"wp:attachment":[{"href":"https:\/\/sushisur.com.ar\/test\/wp-json\/wp\/v2\/media?parent=807"}],"curies":[{"name":"wp","href":"https:\/\/api.w.org\/{rel}","templated":true}]}}