










{"id":799,"date":"2021-08-31T01:11:39","date_gmt":"2021-08-31T01:11:39","guid":{"rendered":"http:\/\/sushisur.com.ar\/test\/?page_id=799"},"modified":"2021-11-23T15:52:45","modified_gmt":"2021-11-23T15:52:45","slug":"nosotros","status":"publish","type":"page","link":"https:\/\/sushisur.com.ar\/test\/nosotros\/","title":{"rendered":"Nosotros"},"content":{"rendered":"\t\t<div data-elementor-type=\"wp-page\" data-elementor-id=\"799\" class=\"elementor elementor-799\" data-elementor-settings=\"[]\">\n\t\t\t\t\t\t\t<div class=\"elementor-section-wrap\">\n\t\t\t\t\t\t\t<section class=\"elementor-section elementor-top-section elementor-element elementor-element-27af886 elementor-section-height-full elementor-section-stretched elementor-reverse-tablet elementor-reverse-mobile elementor-section-boxed elementor-section-height-default elementor-section-items-middle\" data-id=\"27af886\" data-element_type=\"section\" data-settings=\"{&quot;background_background&quot;:&quot;classic&quot;,&quot;stretch_section&quot;:&quot;section-stretched&quot;}\">\n\t\t\t\t\t\t\t<div class=\"elementor-background-overlay\"><\/div>\n\t\t\t\t\t\t\t<div class=\"elementor-container elementor-column-gap-no\">\n\t\t\t\t\t<div class=\"elementor-column elementor-col-100 elementor-top-column elementor-element elementor-element-f032529\" data-id=\"f032529\" data-element_type=\"column\">\n\t\t\t<div class=\"elementor-widget-wrap elementor-element-populated\">\n\t\t\t\t\t\t\t\t<div class=\"elementor-element elementor-element-5bf83d1 nuestromenu elementor-widget elementor-widget-heading\" data-id=\"5bf83d1\" data-element_type=\"widget\" data-widget_type=\"heading.default\">\n\t\t\t\t<div class=\"elementor-widget-container\">\n\t\t\t<h2 class=\"elementor-heading-title elementor-size-default\">NOSOTROS<\/h2>\t\t<\/div>\n\t\t\t\t<\/div>\n\t\t\t\t<div class=\"elementor-element elementor-element-48a77539 elementor-widget elementor-widget-text-editor\" data-id=\"48a77539\" data-element_type=\"widget\" data-widget_type=\"text-editor.default\">\n\t\t\t\t<div class=\"elementor-widget-container\">\n\t\t\t\t\t\t\t\t<p><!-- wp:paragraph --><\/p>\n<p style=\"text-align: ;\">Somos SUSHISUR, una cadena gastron\u00f3mica especializada en sushi a trav\u00e9s del delivery y el take away. Ponemos el foco en la calidad y la presentaci\u00f3n de nuestros productos para que nuestros clientes disfruten una experiencia gastron\u00f3mica distinguida.<\/p>\n<p style=\"text-align: ;\">Actualmente contamos con sucursales en Neuqu\u00e9n, Regina y General Roca.<\/p>\n<p><!-- \/wp:paragraph --><\/p>\n<p><!-- wp:paragraph --><\/p>\n<p><!-- \/wp:paragraph --><\/p>\n<p><!-- wp:paragraph --><\/p>\n<p><!-- \/wp:paragraph --><\/p>\t\t\t\t\t\t<\/div>\n\t\t\t\t<\/div>\n\t\t\t\t<div class=\"elementor-element elementor-element-877d349 elementor-widget elementor-widget-eael-adv-accordion\" data-id=\"877d349\" data-element_type=\"widget\" data-widget_type=\"eael-adv-accordion.default\">\n\t\t\t\t<div class=\"elementor-widget-container\">\n\t\t\t        <div class=\"eael-adv-accordion\" id=\"eael-adv-accordion-877d349\" data-accordion-id=\"877d349\" data-accordion-type=\"accordion\" data-toogle-speed=\"300\">\n    <div class=\"eael-accordion-list\">\n                <div id=\"elementor-tab-title-1421\" class=\"elementor-tab-title eael-accordion-header\" tabindex=\"1421\" data-tab=\"1\" role=\"tab\" aria-controls=\"elementor-tab-content-1421\"><i aria-hidden=\"true\" class=\"fa-accordion-icon fas fa-plus\"><\/i><span class=\"eael-accordion-tab-title\">\u00bfPor qu\u00e9 Sushisur?<\/span><i aria-hidden=\"true\" class=\"fa-toggle fas fa-angle-right\"><\/i><\/div><div id=\"elementor-tab-content-1421\" class=\"eael-accordion-content clearfix\" data-tab=\"1\" role=\"tabpanel\" aria-labelledby=\"elementor-tab-title-1421\"><p><p>\u00a0Es una propuesta simple de operar y con una alta rentabilidad en el flujo de ventas semanales. Estamos preparados para lo que se viene con un desarrollo de ventas on-line y nuestra propia plataforma de ventas.<\/p><\/p><\/div>\n                <\/div><\/div>\t\t<\/div>\n\t\t\t\t<\/div>\n\t\t\t\t<div class=\"elementor-element elementor-element-034aee7 elementor-align-center elementor-widget elementor-widget-button\" data-id=\"034aee7\" data-element_type=\"widget\" data-widget_type=\"button.default\">\n\t\t\t\t<div class=\"elementor-widget-container\">\n\t\t\t\t\t<div class=\"elementor-button-wrapper\">\n\t\t\t<a href=\"https:\/\/sushisur.com.ar\/test\" class=\"elementor-button-link elementor-button elementor-size-sm\" role=\"button\">\n\t\t\t\t\t\t<span class=\"elementor-button-content-wrapper\">\n\t\t\t\t\t\t<span class=\"elementor-button-text\">Volver a Sushisur<\/span>\n\t\t<\/span>\n\t\t\t\t\t<\/a>\n\t\t<\/div>\n\t\t\t\t<\/div>\n\t\t\t\t<\/div>\n\t\t\t\t\t<\/div>\n\t\t<\/div>\n\t\t\t\t\t\t\t<\/div>\n\t\t<\/section>\n\t\t\t\t\t\t<\/div>\n\t\t\t\t\t<\/div>\n\t\t","protected":false},"excerpt":{"rendered":"<p>NOSOTROS Somos SUSHISUR, una cadena gastron\u00f3mica especializada en sushi a trav\u00e9s del delivery y el take away. Ponemos el foco en la calidad y la presentaci\u00f3n de nuestros productos para que nuestros clientes disfruten una experiencia gastron\u00f3mica distinguida. Actualmente contamos con sucursales en Neuqu\u00e9n, Regina y General Roca. \u00bfPor qu\u00e9 Sushisur? \u00a0Es una propuesta simple [&hellip;]<\/p>\n","protected":false},"author":1,"featured_media":0,"parent":0,"menu_order":0,"comment_status":"closed","ping_status":"closed","template":"","meta":{"om_disable_all_campaigns":false,"_monsterinsights_skip_tracking":false,"_monsterinsights_sitenote_active":false,"_monsterinsights_sitenote_note":"","_monsterinsights_sitenote_category":0},"uagb_featured_image_src":{"full":false,"thumbnail":false,"medium":false,"medium_large":false,"large":false,"wpl-wcs-cat-img":false,"wpl-wcs-cat-img-two":false,"1536x1536":false,"2048x2048":false,"yith-woocompare-image":false,"sm-blog-img":false,"woocommerce_thumbnail":false,"woocommerce_single":false,"woocommerce_gallery_thumbnail":false,"shop_catalog":false,"shop_single":false,"shop_thumbnail":false,"dgwt-wcas-product-suggestion":false},"uagb_author_info":{"display_name":"arianagcarlomagno","author_link":"https:\/\/sushisur.com.ar\/test\/author\/arianagcarlomagno\/"},"uagb_comment_info":0,"uagb_excerpt":"NOSOTROS Somos SUSHISUR, una cadena gastron\u00f3mica especializada en sushi a trav\u00e9s del delivery y el take away. Ponemos el foco en la calidad y la presentaci\u00f3n de nuestros productos para que nuestros clientes disfruten una experiencia gastron\u00f3mica distinguida. Actualmente contamos con sucursales en Neuqu\u00e9n, Regina y General Roca. \u00bfPor qu\u00e9 Sushisur? \u00a0Es una propuesta simple&hellip;","_links":{"self":[{"href":"https:\/\/sushisur.com.ar\/test\/wp-json\/wp\/v2\/pages\/799"}],"collection":[{"href":"https:\/\/sushisur.com.ar\/test\/wp-json\/wp\/v2\/pages"}],"about":[{"href":"https:\/\/sushisur.com.ar\/test\/wp-json\/wp\/v2\/types\/page"}],"author":[{"embeddable":true,"href":"https:\/\/sushisur.com.ar\/test\/wp-json\/wp\/v2\/users\/1"}],"replies":[{"embeddable":true,"href":"https:\/\/sushisur.com.ar\/test\/wp-json\/wp\/v2\/comments?post=799"}],"version-history":[{"count":123,"href":"https:\/\/sushisur.com.ar\/test\/wp-json\/wp\/v2\/pages\/799\/revisions"}],"predecessor-version":[{"id":1656,"href":"https:\/\/sushisur.com.ar\/test\/wp-json\/wp\/v2\/pages\/799\/revisions\/1656"}],"wp:attachment":[{"href":"https:\/\/sushisur.com.ar\/test\/wp-json\/wp\/v2\/media?parent=799"}],"curies":[{"name":"wp","href":"https:\/\/api.w.org\/{rel}","templated":true}]}}