










{"id":1594,"date":"2021-11-20T13:43:23","date_gmt":"2021-11-20T13:43:23","guid":{"rendered":"http:\/\/sushisur.com.ar\/test\/?page_id=1594"},"modified":"2021-11-23T15:28:05","modified_gmt":"2021-11-23T15:28:05","slug":"franquicias","status":"publish","type":"page","link":"https:\/\/sushisur.com.ar\/test\/franquicias\/","title":{"rendered":"Franquicias"},"content":{"rendered":"\t\t<div data-elementor-type=\"wp-page\" data-elementor-id=\"1594\" class=\"elementor elementor-1594\" data-elementor-settings=\"[]\">\n\t\t\t\t\t\t\t<div class=\"elementor-section-wrap\">\n\t\t\t\t\t\t\t<section class=\"elementor-section elementor-top-section elementor-element elementor-element-d371cb8 elementor-section-boxed elementor-section-height-default elementor-section-height-default\" data-id=\"d371cb8\" data-element_type=\"section\">\n\t\t\t\t\t\t<div class=\"elementor-container elementor-column-gap-default\">\n\t\t\t\t\t<div class=\"elementor-column elementor-col-100 elementor-top-column elementor-element elementor-element-11a2b8a\" data-id=\"11a2b8a\" data-element_type=\"column\">\n\t\t\t<div class=\"elementor-widget-wrap elementor-element-populated\">\n\t\t\t\t\t\t\t\t<div class=\"elementor-element elementor-element-8894ce9 nuestromenu elementor-widget elementor-widget-heading\" data-id=\"8894ce9\" data-element_type=\"widget\" data-widget_type=\"heading.default\">\n\t\t\t\t<div class=\"elementor-widget-container\">\n\t\t\t<h2 class=\"elementor-heading-title elementor-size-default\">FRANQUICIAS<\/h2>\t\t<\/div>\n\t\t\t\t<\/div>\n\t\t\t\t\t<\/div>\n\t\t<\/div>\n\t\t\t\t\t\t\t<\/div>\n\t\t<\/section>\n\t\t\t\t<section class=\"elementor-section elementor-top-section elementor-element elementor-element-3988442 elementor-section-boxed elementor-section-height-default elementor-section-height-default\" data-id=\"3988442\" data-element_type=\"section\">\n\t\t\t\t\t\t<div class=\"elementor-container elementor-column-gap-default\">\n\t\t\t\t\t<div class=\"elementor-column elementor-col-100 elementor-top-column elementor-element elementor-element-34eff18\" data-id=\"34eff18\" data-element_type=\"column\">\n\t\t\t<div class=\"elementor-widget-wrap elementor-element-populated\">\n\t\t\t\t\t\t\t\t<div class=\"elementor-element elementor-element-621f3cd elementor-widget elementor-widget-text-editor\" data-id=\"621f3cd\" data-element_type=\"widget\" data-widget_type=\"text-editor.default\">\n\t\t\t\t<div class=\"elementor-widget-container\">\n\t\t\t\t\t\t\t\t<p>Nuestra visi\u00f3n de expansi\u00f3n nos permiti\u00f3 disponer de un modelo de franquicias para que puedas ser due\u00f1o de tu propio local de Sushisur. Te ofrecemos un modelo de negocio simple, una propuesta gastron\u00f3mica de \u00e9xito probado y todo el apoyo que necesites para poner en marcha tu propia sucursal.<br \/>Es una propuesta simple de operar y con una alta rentabilidad en el flujo de ventas semanales. Estamos preparados para lo que se viene con un desarrollo de ventas on-line y nuestra propia plataforma de ventas.<br \/>M\u00e1s informaci\u00f3n ingresando en:<\/p>\t\t\t\t\t\t<\/div>\n\t\t\t\t<\/div>\n\t\t\t\t\t<\/div>\n\t\t<\/div>\n\t\t\t\t\t\t\t<\/div>\n\t\t<\/section>\n\t\t\t\t<section class=\"elementor-section elementor-top-section elementor-element elementor-element-2c0f0c5 elementor-section-boxed elementor-section-height-default elementor-section-height-default\" data-id=\"2c0f0c5\" data-element_type=\"section\">\n\t\t\t\t\t\t<div class=\"elementor-container elementor-column-gap-default\">\n\t\t\t\t\t<div class=\"elementor-column elementor-col-100 elementor-top-column elementor-element elementor-element-33a6704\" data-id=\"33a6704\" data-element_type=\"column\">\n\t\t\t<div class=\"elementor-widget-wrap elementor-element-populated\">\n\t\t\t\t\t\t\t\t<div class=\"elementor-element elementor-element-df4b5f8 elementor-align-center elementor-widget elementor-widget-button\" data-id=\"df4b5f8\" data-element_type=\"widget\" data-widget_type=\"button.default\">\n\t\t\t\t<div class=\"elementor-widget-container\">\n\t\t\t\t\t<div class=\"elementor-button-wrapper\">\n\t\t\t<a href=\"https:\/\/centrofranchising.com\/franquicias\/sushisur\/\" target=\"_blank\" class=\"elementor-button-link elementor-button elementor-size-sm\" role=\"button\">\n\t\t\t\t\t\t<span class=\"elementor-button-content-wrapper\">\n\t\t\t\t\t\t<span class=\"elementor-button-text\">SUSHI SUR - CentroFranchising<\/span>\n\t\t<\/span>\n\t\t\t\t\t<\/a>\n\t\t<\/div>\n\t\t\t\t<\/div>\n\t\t\t\t<\/div>\n\t\t\t\t\t<\/div>\n\t\t<\/div>\n\t\t\t\t\t\t\t<\/div>\n\t\t<\/section>\n\t\t\t\t<section class=\"elementor-section elementor-top-section elementor-element elementor-element-4388fcb elementor-section-boxed elementor-section-height-default elementor-section-height-default\" data-id=\"4388fcb\" data-element_type=\"section\">\n\t\t\t\t\t\t<div class=\"elementor-container elementor-column-gap-default\">\n\t\t\t\t\t<div class=\"elementor-column elementor-col-100 elementor-top-column elementor-element elementor-element-f756ee8\" data-id=\"f756ee8\" data-element_type=\"column\">\n\t\t\t<div class=\"elementor-widget-wrap elementor-element-populated\">\n\t\t\t\t\t\t\t\t<div class=\"elementor-element elementor-element-c67998e elementor-widget elementor-widget-eael-image-accordion\" data-id=\"c67998e\" data-element_type=\"widget\" data-widget_type=\"eael-image-accordion.default\">\n\t\t\t\t<div class=\"elementor-widget-container\">\n\t\t\t    <div class=\"eael-img-accordion accordion-direction-horizontal eael-img-accordion-horizontal-align-center eael-img-accordion-vertical-align-center\" id=\"eael-img-accordion-c67998e\" data-img-accordion-id=\"c67998e\" data-img-accordion-type=\"on-hover\">\n                    \n            <a href=\"#\/\" class=\"eael-image-accordion-hover\" style=\"background-image: url(https:\/\/sushisur.com.ar\/test\/wp-content\/uploads\/2021\/11\/nqn.jpg);\"  tabindex=\"0\">\n            <div class=\"overlay\">\n                <div class=\"overlay-inner\">\n                    <div class=\"overlay-inner \">\n                        <h2 class=\"img-accordion-title\">SUSHISUR NQN<\/h2>                        <p><p>Rivadavia 543 \u2013 Neuqu\u00e9n, Neuqu\u00e9n<br \/>Tel\u00e9fono 2994060370<br \/>Redes Sociales:\u00a0<span class=\"atMention\" title=\"sushisur\">@sushisur<\/span>.nqn<\/p><\/p>\n                    <\/div>\n                <\/div>\n            <\/div>\n            <\/a>\n                    \n            <a href=\"#\/\" class=\"eael-image-accordion-hover\" style=\"background-image: url(https:\/\/sushisur.com.ar\/test\/wp-content\/uploads\/2021\/11\/roca.jpg);\"  tabindex=\"1\">\n            <div class=\"overlay\">\n                <div class=\"overlay-inner\">\n                    <div class=\"overlay-inner \">\n                        <h2 class=\"img-accordion-title\">SUSHISUR ROCA<\/h2>                        <p><p>Tucum\u00e1n 128, Local 3 \u2013 General Roca, R\u00edo Negro<br \/>Tel\u00e9fono 2984775835<br \/>Redes Sociales:\u00a0<span class=\"atMention\" title=\"sushisur\">@sushisur<\/span>.ar<\/p><\/p>\n                    <\/div>\n                <\/div>\n            <\/div>\n            <\/a>\n                    \n            <a href=\"#\/\" class=\"eael-image-accordion-hover\" style=\"background-image: url(https:\/\/sushisur.com.ar\/test\/wp-content\/uploads\/2021\/11\/Regina.jpg);\"  tabindex=\"2\">\n            <div class=\"overlay\">\n                <div class=\"overlay-inner\">\n                    <div class=\"overlay-inner \">\n                        <h2 class=\"img-accordion-title\">SUSHISUR REGINA<\/h2>                        <p><p>Italia 101 \u2013 Villa Regina, R\u00edo Negro<br \/>Tel\u00e9fono 2984135117<br \/>Redes Sociales:\u00a0<span class=\"atMention\" title=\"sushisur\">@sushisur<\/span>.vr<\/p><\/p>\n                    <\/div>\n                <\/div>\n            <\/div>\n            <\/a>\n                <\/div>\n        <style typr=\"text\/css\">\n                    #eael-img-accordion-c67998e .eael-image-accordion-hover:hover {\n                        flex: 3 1 0% !important;\n                    }\n                    #eael-img-accordion-c67998e .eael-image-accordion-hover:hover:hover .overlay-inner * {\n                        opacity: 1;\n                        visibility: visible;\n                        transform: none;\n                        transition: all .3s .3s;\n                    }\n                <\/style>\t\t<\/div>\n\t\t\t\t<\/div>\n\t\t\t\t\t<\/div>\n\t\t<\/div>\n\t\t\t\t\t\t\t<\/div>\n\t\t<\/section>\n\t\t\t\t\t\t<\/div>\n\t\t\t\t\t<\/div>\n\t\t","protected":false},"excerpt":{"rendered":"<p>FRANQUICIAS Nuestra visi\u00f3n de expansi\u00f3n nos permiti\u00f3 disponer de un modelo de franquicias para que puedas ser due\u00f1o de tu propio local de Sushisur. Te ofrecemos un modelo de negocio simple, una propuesta gastron\u00f3mica de \u00e9xito probado y todo el apoyo que necesites para poner en marcha tu propia sucursal.Es una propuesta simple de operar [&hellip;]<\/p>\n","protected":false},"author":1,"featured_media":0,"parent":0,"menu_order":0,"comment_status":"closed","ping_status":"closed","template":"","meta":{"om_disable_all_campaigns":false,"_monsterinsights_skip_tracking":false,"_monsterinsights_sitenote_active":false,"_monsterinsights_sitenote_note":"","_monsterinsights_sitenote_category":0},"uagb_featured_image_src":{"full":false,"thumbnail":false,"medium":false,"medium_large":false,"large":false,"wpl-wcs-cat-img":false,"wpl-wcs-cat-img-two":false,"1536x1536":false,"2048x2048":false,"yith-woocompare-image":false,"sm-blog-img":false,"woocommerce_thumbnail":false,"woocommerce_single":false,"woocommerce_gallery_thumbnail":false,"shop_catalog":false,"shop_single":false,"shop_thumbnail":false,"dgwt-wcas-product-suggestion":false},"uagb_author_info":{"display_name":"arianagcarlomagno","author_link":"https:\/\/sushisur.com.ar\/test\/author\/arianagcarlomagno\/"},"uagb_comment_info":0,"uagb_excerpt":"FRANQUICIAS Nuestra visi\u00f3n de expansi\u00f3n nos permiti\u00f3 disponer de un modelo de franquicias para que puedas ser due\u00f1o de tu propio local de Sushisur. Te ofrecemos un modelo de negocio simple, una propuesta gastron\u00f3mica de \u00e9xito probado y todo el apoyo que necesites para poner en marcha tu propia sucursal.Es una propuesta simple de operar&hellip;","_links":{"self":[{"href":"https:\/\/sushisur.com.ar\/test\/wp-json\/wp\/v2\/pages\/1594"}],"collection":[{"href":"https:\/\/sushisur.com.ar\/test\/wp-json\/wp\/v2\/pages"}],"about":[{"href":"https:\/\/sushisur.com.ar\/test\/wp-json\/wp\/v2\/types\/page"}],"author":[{"embeddable":true,"href":"https:\/\/sushisur.com.ar\/test\/wp-json\/wp\/v2\/users\/1"}],"replies":[{"embeddable":true,"href":"https:\/\/sushisur.com.ar\/test\/wp-json\/wp\/v2\/comments?post=1594"}],"version-history":[{"count":22,"href":"https:\/\/sushisur.com.ar\/test\/wp-json\/wp\/v2\/pages\/1594\/revisions"}],"predecessor-version":[{"id":1653,"href":"https:\/\/sushisur.com.ar\/test\/wp-json\/wp\/v2\/pages\/1594\/revisions\/1653"}],"wp:attachment":[{"href":"https:\/\/sushisur.com.ar\/test\/wp-json\/wp\/v2\/media?parent=1594"}],"curies":[{"name":"wp","href":"https:\/\/api.w.org\/{rel}","templated":true}]}}